{"id":7,"date":"2020-05-14T16:58:07","date_gmt":"2020-05-14T16:58:07","guid":{"rendered":"https:\/\/podaljsevanje-zivljenja.si\/en\/?page_id=7"},"modified":"2023-11-11T05:53:10","modified_gmt":"2023-11-11T05:53:10","slug":"about","status":"publish","type":"page","link":"https:\/\/podaljsevanje-zivljenja.si\/en\/about\/","title":{"rendered":"About"},"content":{"rendered":"\n<h1 class=\"wp-block-heading\">Society for Vital Life Extension of Slovenia<\/h1>\n\n\n\n<p>Society for vital life extension of Slovenia is nonprofit, nongovernmental organization. Our activities are informing and educating general public about life extension, organization of conferences and events, advocating, making small research, connecting people in Slovenia who are professionally or privately interested in life extension, and finally making international relations on this field. We were founded in the year 2017. We are part of International Longevity Alliance since 2019.<\/p>\n\n\n\n<p><strong>Email:&nbsp;<\/strong><a href=\"mailto:info@podaljsevanje-zivljenja.si\"><strong>info@podaljsevanje-zivljenja.si<\/strong><\/a><\/p>\n\n\n\n<p><strong>Facebook:\u00a0<\/strong><a href=\"https:\/\/www.facebook.com\/Dru%C5%A1tvo-za-vitalno-podalj%C5%A1evanje-%C5%BEivljenja-1231427703674750\"><strong>Dru\u0161tvo za vitalno podalj\u0161evanje \u017eivljenja Slovenije<\/strong><\/a><\/p>\n\n\n\n<p><strong>ILA:<\/strong> <a href=\"http:\/\/longevityalliance.org\/\"><strong>http:\/\/longevityalliance.org\/<\/strong><\/a><\/p>\n","protected":false},"excerpt":{"rendered":"<p>Society for Vital Life Extension of Slovenia Society for vital life extension of Slovenia is nonprofit, nongovernmental organization. Our activities are informing and educating general public about life extension, organization of conferences and events, advocating, making small research, connecting people in Slovenia who are professionally or privately interested in life extension, and finally making international&hellip;&nbsp;<a href=\"https:\/\/podaljsevanje-zivljenja.si\/en\/about\/\" class=\"\" rel=\"bookmark\">Read More &raquo;<span class=\"screen-reader-text\">About<\/span><\/a><\/p>\n","protected":false},"author":2,"featured_media":0,"parent":0,"menu_order":0,"comment_status":"closed","ping_status":"closed","template":"","meta":[],"_links":{"self":[{"href":"https:\/\/podaljsevanje-zivljenja.si\/en\/wp-json\/wp\/v2\/pages\/7"}],"collection":[{"href":"https:\/\/podaljsevanje-zivljenja.si\/en\/wp-json\/wp\/v2\/pages"}],"about":[{"href":"https:\/\/podaljsevanje-zivljenja.si\/en\/wp-json\/wp\/v2\/types\/page"}],"author":[{"embeddable":true,"href":"https:\/\/podaljsevanje-zivljenja.si\/en\/wp-json\/wp\/v2\/users\/2"}],"replies":[{"embeddable":true,"href":"https:\/\/podaljsevanje-zivljenja.si\/en\/wp-json\/wp\/v2\/comments?post=7"}],"version-history":[{"count":7,"href":"https:\/\/podaljsevanje-zivljenja.si\/en\/wp-json\/wp\/v2\/pages\/7\/revisions"}],"predecessor-version":[{"id":179,"href":"https:\/\/podaljsevanje-zivljenja.si\/en\/wp-json\/wp\/v2\/pages\/7\/revisions\/179"}],"wp:attachment":[{"href":"https:\/\/podaljsevanje-zivljenja.si\/en\/wp-json\/wp\/v2\/media?parent=7"}],"curies":[{"name":"wp","href":"https:\/\/api.w.org\/{rel}","templated":true}]}}